{"id":8205,"date":"2023-04-11T12:27:50","date_gmt":"2023-04-11T12:27:50","guid":{"rendered":"https:\/\/comabe.es\/web\/?page_id=8205"},"modified":"2023-04-11T12:49:28","modified_gmt":"2023-04-11T12:49:28","slug":"comunicado-a-proveedores","status":"publish","type":"page","link":"https:\/\/comabe.es\/web\/comunicado-a-proveedores\/","title":{"rendered":"Proveedores"},"content":{"rendered":"\n<p><strong>COMABE, S.A.<\/strong> &nbsp;al tener certificado un sistema de gesti\u00f3n de la calidad, seg\u00fan la UNE- EN-ISO 9001, tiene establecido un procedimiento para el control y seguimiento del desempe\u00f1o de los proveedores externos, basado en un an\u00e1lisis anual que los califica de APTO o NO APTOS.<\/p>\n\n\n\n<p>Los criterios utilizados para la ponderaci\u00f3n hacen referencia al:<\/p>\n\n\n\n<ul class=\"wp-block-list\">\n<li>Precio<\/li>\n\n\n\n<li>Cumplimiento de plazos de entrega<\/li>\n\n\n\n<li>Calidad Producto\/Servicio<\/li>\n<\/ul>\n\n\n\n<p>Y las puntuaciones van de 1 a 5 siendo 1 la peor valorada y 5 la de mayor satisfacci\u00f3n.<\/p>\n\n\n\n<p>La capacidad de los proveedores es vital para cumplir con este requisito; por ello informamos de la necesidad de evaluar y seleccionar a los mismos en funci\u00f3n de su capacidad para cumplir con nuestras necesidades y expectativas.<\/p>\n\n\n\n<p>Las relaciones comerciales que tengamos establecidas o se establezcan en un futuro implicar\u00e1n por su parte que asume los requisitos especificados en nuestros pedidos, o en las condiciones particulares que se pudieran establecer.<\/p>\n\n\n\n<p>Responsable del Sistema de Gesti\u00f3n de Calidad<\/p>\n\n\n","protected":false},"excerpt":{"rendered":"<p>COMABE, S.A. &nbsp;al tener certificado un sistema de gesti\u00f3n de la calidad, seg\u00fan la UNE- EN-ISO 9001, tiene establecido un procedimiento para el control y seguimiento del desempe\u00f1o de los proveedores externos, basado en un an\u00e1lisis anual que los califica de APTO o NO APTOS. Los criterios utilizados para la ponderaci\u00f3n hacen referencia al: Y [&hellip;]<\/p>\n","protected":false},"author":2,"featured_media":0,"parent":0,"menu_order":0,"comment_status":"closed","ping_status":"closed","template":"","meta":{"_monsterinsights_skip_tracking":false,"_monsterinsights_sitenote_active":false,"_monsterinsights_sitenote_note":"","_monsterinsights_sitenote_category":0,"footnotes":""},"class_list":["post-8205","page","type-page","status-publish","hentry"],"_links":{"self":[{"href":"https:\/\/comabe.es\/web\/wp-json\/wp\/v2\/pages\/8205","targetHints":{"allow":["GET"]}}],"collection":[{"href":"https:\/\/comabe.es\/web\/wp-json\/wp\/v2\/pages"}],"about":[{"href":"https:\/\/comabe.es\/web\/wp-json\/wp\/v2\/types\/page"}],"author":[{"embeddable":true,"href":"https:\/\/comabe.es\/web\/wp-json\/wp\/v2\/users\/2"}],"replies":[{"embeddable":true,"href":"https:\/\/comabe.es\/web\/wp-json\/wp\/v2\/comments?post=8205"}],"version-history":[{"count":2,"href":"https:\/\/comabe.es\/web\/wp-json\/wp\/v2\/pages\/8205\/revisions"}],"predecessor-version":[{"id":8211,"href":"https:\/\/comabe.es\/web\/wp-json\/wp\/v2\/pages\/8205\/revisions\/8211"}],"wp:attachment":[{"href":"https:\/\/comabe.es\/web\/wp-json\/wp\/v2\/media?parent=8205"}],"curies":[{"name":"wp","href":"https:\/\/api.w.org\/{rel}","templated":true}]}}