{"id":70,"date":"2012-10-21T01:42:21","date_gmt":"2012-10-21T01:42:21","guid":{"rendered":"http:\/\/comabe.es\/web\/?page_id=45"},"modified":"2023-02-03T12:54:10","modified_gmt":"2023-02-03T12:54:10","slug":"contactar","status":"publish","type":"page","link":"https:\/\/comabe.es\/web\/contactar\/","title":{"rendered":"Contactar"},"content":{"rendered":"<div class=\"forminator-ui forminator-custom-form forminator-custom-form-8198 forminator-design--flat  forminator_ajax\" data-forminator-render=\"0\" data-form=\"forminator-module-8198\" data-uid=\"69f276b5e43c0\"><br\/><\/div><form\n\t\t\t\tid=\"forminator-module-8198\"\n\t\t\t\tclass=\"forminator-ui forminator-custom-form forminator-custom-form-8198 forminator-design--flat  forminator_ajax\"\n\t\t\t\tmethod=\"post\"\n\t\t\t\tdata-forminator-render=\"0\"\n\t\t\t\tdata-form-id=\"8198\"\n\t\t\t\t\n\t\t\t\tdata-design=\"flat\"\n\t\t\t\t\n\t\t\t\t\n\t\t\t\t\n\t\t\t\tdata-grid=\"open\"\n\t\t\t\t\n\t\t\t\t\n\t\t\t\tstyle=\"display: none;\"\n\t\t\t\t\n\t\t\t\tdata-uid=\"69f276b5e43c0\"\n\t\t\t><div role=\"alert\" aria-live=\"polite\" class=\"forminator-response-message forminator-error\" aria-hidden=\"true\"><\/div><div class=\"forminator-row\"><div id=\"name-1\" class=\"forminator-field-name forminator-col forminator-col-12 \"><div class=\"forminator-field\"><label for=\"forminator-field-name-1_69f276b5e43c0\" id=\"forminator-field-name-1_69f276b5e43c0-label\" class=\"forminator-label\">Nombre <span class=\"forminator-required\">*<\/span><\/label><input type=\"text\" name=\"name-1\" value=\"\" placeholder=\"Ejemplo: Juan\" id=\"forminator-field-name-1_69f276b5e43c0\" class=\"forminator-input forminator-name--field\" aria-required=\"true\" \/><\/div><\/div><\/div><div class=\"forminator-row\"><div id=\"email-1\" class=\"forminator-field-email forminator-col forminator-col-12 \"><div class=\"forminator-field\"><label for=\"forminator-field-email-1_69f276b5e43c0\" id=\"forminator-field-email-1_69f276b5e43c0-label\" class=\"forminator-label\">Correo electr\u00f3nico <span class=\"forminator-required\">*<\/span><\/label><input type=\"email\" name=\"email-1\" value=\"\" placeholder=\"Ej . : john@doe.com\" id=\"forminator-field-email-1_69f276b5e43c0\" class=\"forminator-input forminator-email--field\" data-required=\"true\" aria-required=\"true\" \/><\/div><\/div><\/div><div class=\"forminator-row\"><div id=\"phone-1\" class=\"forminator-field-phone forminator-col forminator-col-12 \"><div class=\"forminator-field\"><label for=\"forminator-field-phone-1_69f276b5e43c0\" id=\"forminator-field-phone-1_69f276b5e43c0-label\" class=\"forminator-label\">N\u00famero de tel\u00e9fono<\/label><input type=\"text\" name=\"phone-1\" value=\"\" placeholder=\"Ejemplo: +1 3004005000\" id=\"forminator-field-phone-1_69f276b5e43c0\" class=\"forminator-input forminator-field--phone\" data-required=\"\" aria-required=\"false\" autocomplete=\"off\" \/><\/div><\/div><\/div><div class=\"forminator-row\"><div id=\"textarea-1\" class=\"forminator-field-textarea forminator-col forminator-col-12 \"><div class=\"forminator-field\"><label for=\"forminator-field-textarea-1_69f276b5e43c0\" id=\"forminator-field-textarea-1_69f276b5e43c0-label\" class=\"forminator-label\">Mensaje<\/label><textarea name=\"textarea-1\" placeholder=\"Introduce tu mensaje...\" id=\"forminator-field-textarea-1_69f276b5e43c0\" class=\"forminator-textarea\" rows=\"6\" style=\"min-height:140px;\" maxlength=\"180\" ><\/textarea><span id=\"forminator-field-textarea-1_69f276b5e43c0-description\" class=\"forminator-description\"><span data-limit=\"180\" data-type=\"characters\" data-editor=\"\">0 \/ 180<\/span><\/span><\/div><\/div><\/div><div class=\"forminator-row\"><div id=\"consent-1\" class=\"forminator-field-consent forminator-col forminator-col-12 \"><div class=\"forminator-field\"><label for=\"forminator-field-consent-1_69f276b5e43c0\" id=\"forminator-field-consent-1_69f276b5e43c0-label\" class=\"forminator-label\">Pol\u00edtica de Privacidad y Datos <span class=\"forminator-required\">*<\/span><\/label><div class=\"forminator-checkbox__wrapper\"><label id=\"forminator-field-consent-1_69f276b5e43c0__label\" class=\"forminator-checkbox forminator-consent\" aria-labelledby=\"forminator-field-consent-1_69f276b5e43c0-label\" aria-hidden=\"true\"><input type=\"checkbox\" name=\"consent-1\" id=\"forminator-field-consent-1_69f276b5e43c0\" value=\"checked\" aria-labelledby=\"forminator-field-consent-1_69f276b5e43c0-label\" aria-describedby=\"forminator-field-consent-1_69f276b5e43c0__description\" data-required=\"true\" aria-required=\"true\" \/><span class=\"forminator-checkbox-box\" aria-hidden=\"true\"><\/span><\/label><div id=\"forminator-field-consent-1_69f276b5e43c0__description\" class=\"forminator-checkbox__label forminator-consent__label\"><p>S\u00ed, acepto la <a rel=\"noopener\" target=\"_blank\" href=\"#\">pol\u00edtica de privacidad<\/a> y los <a rel=\"noopener\" target=\"_blank\" href=\"#\">t\u00e9rminos y condiciones<\/a>.<\/p>\n<small>Responsable: Identidad: COMPA\u00d1\u00cdA MALAGUE\u00d1A DE BOBINADOS Y ELECTROMONTAJES S.A. - NIF: A-29102480 Dir. postal: C\/ HERMANAS BRONTE N\u00ba 6 POL\u00cdGONO INDUSTRIAL GUADALHORCE, 29004, M\u00c1LAGA Tel\u00e9fono: 952105410 Correo elect:&nbsp;<a href=\"https:\/\/comabe.es\/web\/contactar\/mari.carmen@comabe.es\">mari.carmen@comabe.es<\/a><\/small>\n<small>En nombre de la empresa tratamos la informaci\u00f3n que nos facilita con el fin de prestarles el servicio solicitado, realizar la facturaci\u00f3n del mismo. Los datos proporcionados se conservar\u00e1n mientras se mantenga la relaci\u00f3n comercial o durante los a\u00f1os necesarios para cumplir con las obligaciones legales. Los datos no se ceder\u00e1n a terceros salvo en los casos en que exista una obligaci\u00f3n legal. Usted tiene derecho a obtener confirmaci\u00f3n sobre si en COMPA\u00d1\u00cdA MALAGUE\u00d1A DE BOBINADOS Y ELECTROMONTAJES S.A. estamos tratando sus datos personales por tanto tiene derecho a acceder a sus datos personales, rectificar los datos inexactos o solicitar su supresi\u00f3n cuando los datos ya no sean necesarios.<br>Usted nos concede autorizaci\u00f3n para ofrecerle productos y servicios relacionados y fidelizarle como cliente.<\/small><\/div><\/div><\/div><\/div><\/div><div class=\"forminator-row\"><div id=\"captcha-1\" class=\"forminator-field-captcha forminator-col forminator-col-12 \"><div class=\"forminator-captcha-left forminator-g-recaptcha\" data-theme=\"light\"  data-sitekey=\"6LcWE00kAAAAAJPpa12cbaBEdTO40JQ-ZOLp0sgk\" data-size=\"normal\"><\/div> <\/div><\/div><input type=\"hidden\" name=\"referer_url\" value=\"\" \/><div class=\"forminator-row forminator-row-last\"><div class=\"forminator-col\"><div class=\"forminator-field\"><button class=\"forminator-button forminator-button-submit\">Enviar mensaje<\/button><\/div><\/div><\/div><input type=\"hidden\" id=\"forminator_nonce\" name=\"forminator_nonce\" value=\"64ce76735d\" \/><input type=\"hidden\" name=\"_wp_http_referer\" value=\"\/web\/wp-json\/wp\/v2\/pages\/70\" \/><input type=\"hidden\" name=\"form_id\" value=\"8198\"><input type=\"hidden\" name=\"page_id\" value=\"70\"><input type=\"hidden\" name=\"form_type\" value=\"default\"><input type=\"hidden\" name=\"current_url\" value=\"https:\/\/comabe.es\/web\/contactar\/\"><input type=\"hidden\" name=\"render_id\" value=\"0\"><input type=\"hidden\" name=\"action\" value=\"forminator_submit_form_custom-forms\"><\/form>\n","protected":false},"excerpt":{"rendered":"","protected":false},"author":1,"featured_media":0,"parent":0,"menu_order":10,"comment_status":"closed","ping_status":"closed","template":"","meta":{"_monsterinsights_skip_tracking":false,"_monsterinsights_sitenote_active":false,"_monsterinsights_sitenote_note":"","_monsterinsights_sitenote_category":0,"footnotes":""},"class_list":["post-70","page","type-page","status-publish","hentry"],"_links":{"self":[{"href":"https:\/\/comabe.es\/web\/wp-json\/wp\/v2\/pages\/70","targetHints":{"allow":["GET"]}}],"collection":[{"href":"https:\/\/comabe.es\/web\/wp-json\/wp\/v2\/pages"}],"about":[{"href":"https:\/\/comabe.es\/web\/wp-json\/wp\/v2\/types\/page"}],"author":[{"embeddable":true,"href":"https:\/\/comabe.es\/web\/wp-json\/wp\/v2\/users\/1"}],"replies":[{"embeddable":true,"href":"https:\/\/comabe.es\/web\/wp-json\/wp\/v2\/comments?post=70"}],"version-history":[{"count":12,"href":"https:\/\/comabe.es\/web\/wp-json\/wp\/v2\/pages\/70\/revisions"}],"predecessor-version":[{"id":8199,"href":"https:\/\/comabe.es\/web\/wp-json\/wp\/v2\/pages\/70\/revisions\/8199"}],"wp:attachment":[{"href":"https:\/\/comabe.es\/web\/wp-json\/wp\/v2\/media?parent=70"}],"curies":[{"name":"wp","href":"https:\/\/api.w.org\/{rel}","templated":true}]}}