{"id":66,"date":"2012-10-18T12:19:51","date_gmt":"2012-10-18T12:19:51","guid":{"rendered":"http:\/\/comabe.es\/web\/?page_id=2"},"modified":"2023-09-16T12:00:20","modified_gmt":"2023-09-16T12:00:20","slug":"comabe-empresa","status":"publish","type":"page","link":"https:\/\/comabe.es\/web\/","title":{"rendered":"La Empresa"},"content":{"rendered":"<div>\n<h3 style=\"text-align: justify;\"><img loading=\"lazy\" decoding=\"async\" class=\"alignleft size-medium wp-image-8262\" src=\"https:\/\/comabe.es\/web\/wp-content\/uploads\/2023\/09\/comabe_fachada-300x231.jpeg\" alt=\"\" width=\"300\" height=\"231\" srcset=\"https:\/\/comabe.es\/web\/wp-content\/uploads\/2023\/09\/comabe_fachada-300x231.jpeg 300w, https:\/\/comabe.es\/web\/wp-content\/uploads\/2023\/09\/comabe_fachada-1024x790.jpeg 1024w, https:\/\/comabe.es\/web\/wp-content\/uploads\/2023\/09\/comabe_fachada-768x592.jpeg 768w, https:\/\/comabe.es\/web\/wp-content\/uploads\/2023\/09\/comabe_fachada.jpeg 1284w\" sizes=\"auto, (max-width: 300px) 100vw, 300px\" \/><\/h3>\n<h3>COMABE (Compa\u00f1\u00eda Malague\u00f1a de Bobinados y Electromontajes)<\/h3>\n<p>Desde 1981 Comabe cuenta con mas de 40 a\u00f1os de experiencia en el Sector El\u00e9ctrico y de la Ingenier\u00eda.<\/p>\n<p>Dedicada a todo tipo de instalaciones el\u00e9ctricas , destacando en el campo de Alta, Media y Baja tensi\u00f3n, Centros de Transformaci\u00f3n y Climatizaci\u00f3n. La empresa tambi\u00e9n dispone de un departamento de Oficina T\u00e9cnica donde se realizan todo tipos de Proyectos y tramitaciones en cualquiera de los organismos oficiales.<\/p>\n<p>Nuestro objetivo es ofrecer un <b>Servicio Integral,<\/b> dando soluci\u00f3n en las instalaciones el\u00e9ctricas en general, apoyado por la oficina t\u00e9cnica y complement\u00e1ndolo con la legalizaci\u00f3n de las instalaciones.<\/p>\n<\/div>\n","protected":false},"excerpt":{"rendered":"<p>COMABE (Compa\u00f1\u00eda Malague\u00f1a de Bobinados y Electromontajes) Desde 1981 Comabe cuenta con mas de 40 a\u00f1os de experiencia en el Sector El\u00e9ctrico y de la Ingenier\u00eda. Dedicada a todo tipo de instalaciones el\u00e9ctricas , destacando en el campo de Alta, Media y Baja tensi\u00f3n, Centros de Transformaci\u00f3n y Climatizaci\u00f3n. La empresa tambi\u00e9n dispone de un [&hellip;]<\/p>\n","protected":false},"author":1,"featured_media":0,"parent":0,"menu_order":0,"comment_status":"closed","ping_status":"closed","template":"","meta":{"_monsterinsights_skip_tracking":false,"_monsterinsights_sitenote_active":false,"_monsterinsights_sitenote_note":"","_monsterinsights_sitenote_category":0,"footnotes":""},"class_list":["post-66","page","type-page","status-publish","hentry"],"_links":{"self":[{"href":"https:\/\/comabe.es\/web\/wp-json\/wp\/v2\/pages\/66","targetHints":{"allow":["GET"]}}],"collection":[{"href":"https:\/\/comabe.es\/web\/wp-json\/wp\/v2\/pages"}],"about":[{"href":"https:\/\/comabe.es\/web\/wp-json\/wp\/v2\/types\/page"}],"author":[{"embeddable":true,"href":"https:\/\/comabe.es\/web\/wp-json\/wp\/v2\/users\/1"}],"replies":[{"embeddable":true,"href":"https:\/\/comabe.es\/web\/wp-json\/wp\/v2\/comments?post=66"}],"version-history":[{"count":16,"href":"https:\/\/comabe.es\/web\/wp-json\/wp\/v2\/pages\/66\/revisions"}],"predecessor-version":[{"id":8266,"href":"https:\/\/comabe.es\/web\/wp-json\/wp\/v2\/pages\/66\/revisions\/8266"}],"wp:attachment":[{"href":"https:\/\/comabe.es\/web\/wp-json\/wp\/v2\/media?parent=66"}],"curies":[{"name":"wp","href":"https:\/\/api.w.org\/{rel}","templated":true}]}}